{"id":1646,"date":"2021-02-12T11:08:40","date_gmt":"2021-02-12T10:08:40","guid":{"rendered":"http:\/\/www.pausefitforme.fr\/?page_id=1646"},"modified":"2024-08-17T15:30:29","modified_gmt":"2024-08-17T13:30:29","slug":"pack-forme","status":"publish","type":"page","link":"https:\/\/www.pausefitforme.fr\/?page_id=1646","title":{"rendered":"Pack Forme"},"content":{"rendered":"\n<div class=\"wp-block-columns is-layout-flex wp-container-core-columns-is-layout-1 wp-block-columns-is-layout-flex\">\n<div class=\"wp-block-column is-layout-flow wp-block-column-is-layout-flow\" style=\"flex-basis:100%\">\n<p><span style=\"color:#1752e9\" class=\"has-inline-color\">Envie de devenir Actrice de ta forme \ud83d\ude42<\/span><br><span class=\"has-inline-color has-ast-global-color-0-color\"><strong>2 formules \u00e0 la Rentr\u00e9e 2024 : Happy Marche ou Funny Run<\/strong><\/span><\/p>\n\n\n\n<p><br><img loading=\"lazy\" decoding=\"async\" height=\"16\" width=\"16\" alt=\"&#x1f4cd;\" src=\"https:\/\/static.xx.fbcdn.net\/images\/emoji.php\/v9\/t2d\/1\/16\/1f4cd.png\"> Si tu cherches un groupe de filles qui pensent que le fait d&rsquo;\u00eatre ensemble \u00e7a motive et \u00e7a aide \u00e0 se d\u00e9passer<br> <img loading=\"lazy\" decoding=\"async\" height=\"16\" width=\"16\" alt=\"&#x1f4cd;\" src=\"https:\/\/static.xx.fbcdn.net\/images\/emoji.php\/v9\/t2d\/1\/16\/1f4cd.png\"> Si tu souhaites un programme adapt\u00e9 \u00e0 faire aussi quand tu es seule avec ton agenda surbook\u00e9 mais que ta priorit\u00e9 c&rsquo;est aussi du temps pour toi<br><img loading=\"lazy\" decoding=\"async\" height=\"16\" width=\"16\" alt=\"&#x1f4cd;\" src=\"https:\/\/static.xx.fbcdn.net\/images\/emoji.php\/v9\/t2d\/1\/16\/1f4cd.png\"> Si tu cherches une activit\u00e9 pour te d\u00e9penser et te d\u00e9fouler chaque semaine \u00e0 ton rythme<br><img loading=\"lazy\" decoding=\"async\" height=\"16\" width=\"16\" alt=\"&#x1f4cd;\" src=\"https:\/\/static.xx.fbcdn.net\/images\/emoji.php\/v9\/t2d\/1\/16\/1f4cd.png\"> Si tu cherches une activit\u00e9 en plein air pour t&rsquo;oxyg\u00e9ner plein les poumons<br><img loading=\"lazy\" decoding=\"async\" height=\"16\" width=\"16\" alt=\"&#x1f4cd;\" src=\"https:\/\/static.xx.fbcdn.net\/images\/emoji.php\/v9\/t2d\/1\/16\/1f4cd.png\"> Si tu cherches une activit\u00e9 pour br\u00fbler les ap\u00e9ros de l&rsquo;\u00e9t\u00e9<br><img loading=\"lazy\" decoding=\"async\" height=\"16\" width=\"16\" alt=\"&#x1f4cd;\" src=\"https:\/\/static.xx.fbcdn.net\/images\/emoji.php\/v9\/t2d\/1\/16\/1f4cd.png\"> Si tu penses que papoter tout en bougeant \u00e7a rend pas la s\u00e9ance moins performante<br><img loading=\"lazy\" decoding=\"async\" height=\"16\" width=\"16\" alt=\"&#x1f4cd;\" src=\"https:\/\/static.xx.fbcdn.net\/images\/emoji.php\/v9\/t2d\/1\/16\/1f4cd.png\"> Si tu veux am\u00e9liorer tes capacit\u00e9s cardio-respiratoire et m\u00eame te mettre \u00e0 courir parce que t&rsquo;en r\u00eave depuis longtemps mais que tu ne sais pas t&rsquo;y prendre toute seule<br><img loading=\"lazy\" decoding=\"async\" height=\"16\" width=\"16\" alt=\"&#x1f4cd;\" src=\"https:\/\/static.xx.fbcdn.net\/images\/emoji.php\/v9\/t2d\/1\/16\/1f4cd.png\"> Si tu aimes aussi faire un peu de renforcement musculaire parce que le squat c&rsquo;est la vie surtout pour les fessiers et les cuisses<br><img loading=\"lazy\" decoding=\"async\" height=\"16\" width=\"16\" alt=\"&#x1f4cd;\" src=\"https:\/\/static.xx.fbcdn.net\/images\/emoji.php\/v9\/t2d\/1\/16\/1f4cd.png\"> Si tu aimes la convivialit\u00e9 et surtout les blagues de filles<br><img loading=\"lazy\" decoding=\"async\" height=\"16\" width=\"16\" alt=\"&#x1f4cd;\" src=\"https:\/\/static.xx.fbcdn.net\/images\/emoji.php\/v9\/t2d\/1\/16\/1f4cd.png\"> Si tu cherches juste \u00e0 \u00eatre bien et maintenir la forme mais quand m\u00eame le faire avec un coach professionnel \u00e7a fait la diff\u00e9rence&#8230; <\/p>\n\n\n\n<p>Alors OUI la formule Pack Forme c&rsquo;est pour TOI et en plus cette ann\u00e9e tu as le choix<br>Ton truc \u00e0 toi c&rsquo;est la marche : HAPPY MARCHE<br>Tu souhaites d\u00e9buter la course \u00e0 pied : FUNNY RUN<br><br><strong>REJOINDRE le Groupe d&rsquo;Abonn\u00e9es PACK FORME<\/strong> <strong><span style=\"color:#f30f0f\" class=\"has-inline-color\">2024<\/span><\/strong><br>&#8211; Tarif : 30\u20ac\/mois minimum 3 mois soit 90,00\u20ac<\/p>\n\n\n\n<p class=\"has-normal-font-size\">RDV d\u00e8s le mardi 27\/08\/24<br>Plus d&rsquo;infos et inscription au : 06.88.87.22.39 ou caroline.cochard07@gmail.com<\/p>\n<\/div>\n<\/div>\n\n\n\n<p><strong>Me contacter pour plus de renseignements<\/strong><br><em><sup><strong>Caroline : 06.88.87.22.39 ou caroline.cochard07@gmail.com<\/strong><\/sup><\/em> <br><em><sup><br><\/sup><\/em><\/p>\n\n\n\n<p class=\"has-text-align-center\"><\/p>\n\n\n\n\n\n<p><\/p>\n\n\n\n<p><\/p>\n","protected":false},"excerpt":{"rendered":"<p>Envie de devenir Actrice de ta forme \ud83d\ude422 formules \u00e0 la Rentr\u00e9e 2024 : Happy Marche ou Funny Run Si tu cherches un groupe de filles qui pensent que le fait d&rsquo;\u00eatre ensemble \u00e7a motive et \u00e7a aide \u00e0 se d\u00e9passer Si tu souhaites un programme adapt\u00e9 \u00e0 faire aussi quand tu es seule avec &hellip;<\/p>\n<p class=\"read-more\"> <a class=\"\" href=\"https:\/\/www.pausefitforme.fr\/?page_id=1646\"> <span class=\"screen-reader-text\">Pack Forme<\/span> Lire la suite\u00a0\u00bb<\/a><\/p>\n","protected":false},"author":1,"featured_media":1841,"parent":0,"menu_order":0,"comment_status":"closed","ping_status":"closed","template":"","meta":{"site-sidebar-layout":"default","site-content-layout":"default","ast-main-header-display":"","ast-hfb-above-header-display":"","ast-hfb-below-header-display":"","ast-hfb-mobile-header-display":"","site-post-title":"","ast-breadcrumbs-content":"","ast-featured-img":"","footer-sml-layout":"","theme-transparent-header-meta":"default","adv-header-id-meta":"","stick-header-meta":"","header-above-stick-meta":"","header-main-stick-meta":"","header-below-stick-meta":"","footnotes":""},"class_list":["post-1646","page","type-page","status-publish","has-post-thumbnail","hentry"],"_links":{"self":[{"href":"https:\/\/www.pausefitforme.fr\/index.php?rest_route=\/wp\/v2\/pages\/1646","targetHints":{"allow":["GET"]}}],"collection":[{"href":"https:\/\/www.pausefitforme.fr\/index.php?rest_route=\/wp\/v2\/pages"}],"about":[{"href":"https:\/\/www.pausefitforme.fr\/index.php?rest_route=\/wp\/v2\/types\/page"}],"author":[{"embeddable":true,"href":"https:\/\/www.pausefitforme.fr\/index.php?rest_route=\/wp\/v2\/users\/1"}],"replies":[{"embeddable":true,"href":"https:\/\/www.pausefitforme.fr\/index.php?rest_route=%2Fwp%2Fv2%2Fcomments&post=1646"}],"version-history":[{"count":13,"href":"https:\/\/www.pausefitforme.fr\/index.php?rest_route=\/wp\/v2\/pages\/1646\/revisions"}],"predecessor-version":[{"id":2304,"href":"https:\/\/www.pausefitforme.fr\/index.php?rest_route=\/wp\/v2\/pages\/1646\/revisions\/2304"}],"wp:featuredmedia":[{"embeddable":true,"href":"https:\/\/www.pausefitforme.fr\/index.php?rest_route=\/wp\/v2\/media\/1841"}],"wp:attachment":[{"href":"https:\/\/www.pausefitforme.fr\/index.php?rest_route=%2Fwp%2Fv2%2Fmedia&parent=1646"}],"curies":[{"name":"wp","href":"https:\/\/api.w.org\/{rel}","templated":true}]}}